{"id":115,"date":"2022-02-11T22:07:27","date_gmt":"2022-02-11T22:07:27","guid":{"rendered":"http:\/\/chemax.gob.mx\/?page_id=115"},"modified":"2022-06-29T16:09:17","modified_gmt":"2022-06-29T16:09:17","slug":"historia","status":"publish","type":"page","link":"https:\/\/chemax.gob.mx\/index.php\/historia\/","title":{"rendered":"Historia"},"content":{"rendered":"<h2 style=\"text-align: center;\"><span style=\"color: #00ccff;\"><img loading=\"lazy\" decoding=\"async\" class=\"aligncenter wp-image-9\" src=\"https:\/\/chemax.gob.mx\/wp-content\/uploads\/2022\/02\/escudo-de-armas.png\" alt=\"\" width=\"247\" height=\"247\" srcset=\"https:\/\/chemax.gob.mx\/wp-content\/uploads\/2022\/02\/escudo-de-armas.png 260w, https:\/\/chemax.gob.mx\/wp-content\/uploads\/2022\/02\/escudo-de-armas-150x150.png 150w\" sizes=\"auto, (max-width: 247px) 100vw, 247px\" \/>Toponimia.<\/span><\/h2>\n<p style=\"text-align: left;\">El madero del mono, por derivarse de las voces Che, madero y max contracci\u00f3n de maax, mono, aunque podr\u00eda interpretarse tambi\u00e9n como madero majado, ya que la voz max equivale a majar, machucar.<\/p>\n<h2 style=\"text-align: center;\"><span style=\"color: #00ccff;\">Rese\u00f1a Hist\u00f3rica.<\/span><\/h2>\n<p style=\"text-align: justify;\">Los datos fidedignos de la fundaci\u00f3n de Chemax &#8220;\u00c1rbol de monos&#8221; se remontan al a\u00f1o de 1549 en el que se establece una Encomienda a favor de don Juan L\u00f3pez de Mena. El sitio en que hoy se encuentra la localidad de Chemax, fue un antiguo poblado maya, perteneciente a la Provincia de los Cupules. Chemax, que fuera escenario de una cruenta batalla a mediados del siglo XIX, es de las pocas poblaciones de Yucat\u00e1n que permanecieron sujetas a una misma jurisdicci\u00f3n, desde que fueron fundadas. Se convirti\u00f3 en cabecera municipal en 1918.<\/p>\n<h2 style=\"text-align: center;\"><span style=\"color: #00ccff;\">Cronolog\u00eda de Hechos Hist\u00f3ricos.<\/span><\/h2>\n<p style=\"text-align: center;\"><strong>1549<\/strong><br \/>\nEstablecimiento de una Encomienda en Chemax.<br \/>\n<strong>1847<\/strong><br \/>\nLa ma\u00f1ana del 4 de diciembre el poblado de Chemax es atacado desde varios puntos, por ind\u00edgenas sublevados durante la llamada &#8220;Guerra de Castas&#8221;. Poco falt\u00f3 para que esta poblaci\u00f3n cayera en manos de los rebeldes ya que sus defensores, encabezados por el capit\u00e1n Francisco Dom\u00ednguez, se hallaban pr\u00e1cticamente diezmados y faltos de parque. Acudi\u00f3 en su auxilio el capit\u00e1n Ferm\u00edn Irabi\u00e9n con tropas procedentes de Valladolid (pese a que la victoria aompa\u00f1\u00f3 a las fuerzas gubernamentales, dos semanas despu\u00e9s, se orden\u00f3 un repliegue hacia Valladolid de todos los efectivos castrenses, por lo que Chemax fue abandonado por sus moradores).<br \/>\n<strong>1918<\/strong><br \/>\nEl pueblo de Chemax se erige en cabecera del municipio del mismo nombre por acuerdo de la &#8220;Ley Org\u00e1nica de los Municipios del Estado de Yucat\u00e1n&#8221;. Fue expedida el 7 de enero por el entonces gobernador comandante militar general Salvador Alvarado Rubio.<br \/>\n<strong>1920<\/strong><br \/>\nLa localidad de Sisbicch\u00e9n dej\u00f3 de pertenecer a la jurisdicci\u00f3n municipal de Chemax.<br \/>\n<strong>1966<\/strong><br \/>\nSe autoriz\u00f3 la creaci\u00f3n de un nuevo centro de poblaci\u00f3n: la unidad agr\u00edcola &#8220;San Rom\u00e1n&#8221;.<\/p>\n<p>&nbsp;<\/p>\n<p>&nbsp;<\/p>\n<hr \/>\n<p style=\"text-align: center;\">Fuente: http:\/\/www.inafed.gob.mx\/work\/enciclopedia\/EMM31yucatan\/municipios\/31019a.html<\/p>\n","protected":false},"excerpt":{"rendered":"<p>Toponimia. El madero del mono, por derivarse de las voces Che, madero y max contracci\u00f3n de maax, mono, aunque podr\u00eda interpretarse tambi\u00e9n como madero majado, ya que la voz max equivale a majar, machucar. Rese\u00f1a Hist\u00f3rica. Los datos fidedignos de la fundaci\u00f3n de Chemax &#8220;\u00c1rbol de monos&#8221; se remontan al a\u00f1o de 1549 en el [&hellip;]<\/p>\n","protected":false},"author":1,"featured_media":0,"parent":0,"menu_order":0,"comment_status":"closed","ping_status":"closed","template":"template\/fullwidth.php","meta":{"footnotes":""},"class_list":["post-115","page","type-page","status-publish","hentry"],"_links":{"self":[{"href":"https:\/\/chemax.gob.mx\/index.php\/wp-json\/wp\/v2\/pages\/115","targetHints":{"allow":["GET"]}}],"collection":[{"href":"https:\/\/chemax.gob.mx\/index.php\/wp-json\/wp\/v2\/pages"}],"about":[{"href":"https:\/\/chemax.gob.mx\/index.php\/wp-json\/wp\/v2\/types\/page"}],"author":[{"embeddable":true,"href":"https:\/\/chemax.gob.mx\/index.php\/wp-json\/wp\/v2\/users\/1"}],"replies":[{"embeddable":true,"href":"https:\/\/chemax.gob.mx\/index.php\/wp-json\/wp\/v2\/comments?post=115"}],"version-history":[{"count":4,"href":"https:\/\/chemax.gob.mx\/index.php\/wp-json\/wp\/v2\/pages\/115\/revisions"}],"predecessor-version":[{"id":514,"href":"https:\/\/chemax.gob.mx\/index.php\/wp-json\/wp\/v2\/pages\/115\/revisions\/514"}],"wp:attachment":[{"href":"https:\/\/chemax.gob.mx\/index.php\/wp-json\/wp\/v2\/media?parent=115"}],"curies":[{"name":"wp","href":"https:\/\/api.w.org\/{rel}","templated":true}]}}